{"id":659,"date":"2026-01-26T12:27:43","date_gmt":"2026-01-26T12:27:43","guid":{"rendered":"https:\/\/dvgdigitallab.be\/?page_id=659"},"modified":"2026-01-29T07:49:43","modified_gmt":"2026-01-29T07:49:43","slug":"website","status":"publish","type":"page","link":"https:\/\/dvgdigitallab.be\/index.php\/website\/","title":{"rendered":"Website"},"content":{"rendered":"\t\t<div data-elementor-type=\"wp-page\" data-elementor-id=\"659\" class=\"elementor elementor-659\">\n\t\t\t\t<div class=\"elementor-element elementor-element-3aa8add e-flex e-con-boxed e-con e-parent\" data-id=\"3aa8add\" data-element_type=\"container\" data-e-type=\"container\">\n\t\t\t\t\t<div class=\"e-con-inner\">\n\t\t\t\t<div class=\"elementor-element elementor-element-e6be2dd elementor-widget elementor-widget-text-editor\" data-id=\"e6be2dd\" data-element_type=\"widget\" data-e-type=\"widget\" data-widget_type=\"text-editor.default\">\n\t\t\t\t\t\t\t\t\t<div class=\"elementor-element elementor-element-f5c3f23 e-flex e-con-boxed e-con e-parent e-lazyloaded\" data-id=\"f5c3f23\" data-element_type=\"container\"><div class=\"e-con-inner\"><div class=\"elementor-element elementor-element-37cae9c elementor-widget elementor-widget-heading\" data-id=\"37cae9c\" data-element_type=\"widget\" data-widget_type=\"heading.default\"><h2 class=\"elementor-heading-title elementor-size-default\">Waarom een website?<\/h2><\/div><\/div><\/div><div class=\"elementor-element elementor-element-9318a9c e-flex e-con-boxed e-con e-parent e-lazyloaded\" data-id=\"9318a9c\" data-element_type=\"container\"><div class=\"e-con-inner\"><div class=\"elementor-element elementor-element-24bd4b7 elementor-widget elementor-widget-text-editor\" data-id=\"24bd4b7\" data-element_type=\"widget\" data-widget_type=\"text-editor.default\"><p data-start=\"0\" data-end=\"103\">Een website is eigenlijk je\u00a0<strong data-start=\"28\" data-end=\"51\">digitale thuisbasis<\/strong>. De belangrijkste redenen om er \u00e9\u00e9n te hebben zijn:<\/p><p data-start=\"105\" data-end=\"239\"><strong data-start=\"105\" data-end=\"140\">1. Vindbaarheid &amp; zichtbaarheid<\/strong><br data-start=\"140\" data-end=\"143\" \/>Mensen zoeken alles online. Zonder website besta je voor veel potenti\u00eble klanten simpelweg niet.<\/p><p data-start=\"241\" data-end=\"415\"><strong data-start=\"241\" data-end=\"278\">2. Vertrouwen &amp; professionaliteit<\/strong><br data-start=\"278\" data-end=\"281\" \/>Een website wekt vertrouwen. Zelfs als klanten je via social media vinden, checken ze vaak eerst je site om te zien of je \u201cecht\u201d bent.<\/p><p data-start=\"417\" data-end=\"546\"><strong data-start=\"417\" data-end=\"440\">3. 24\/7 beschikbaar<\/strong><br data-start=\"440\" data-end=\"443\" \/>Je website werkt altijd: informatie, contactgegevens, diensten en prijzen zijn dag en nacht bereikbaar.<\/p><p data-start=\"548\" data-end=\"710\"><strong data-start=\"548\" data-end=\"586\">4. Controle over je eigen platform<\/strong><br data-start=\"586\" data-end=\"589\" \/>Social media kunnen regels veranderen of accounts blokkeren. Je website is van jou \u2014 geen afhankelijkheid van algoritmes.<\/p><p data-start=\"712\" data-end=\"862\"><strong data-start=\"712\" data-end=\"743\">5. Meer klanten &amp; conversie<\/strong><br data-start=\"743\" data-end=\"746\" \/>Met duidelijke uitleg, voorbeelden, reviews en een contactformulier maak je het mensen makkelijk om klant te worden.<\/p><p data-start=\"864\" data-end=\"946\"><strong data-start=\"864\" data-end=\"885\">6. Schaalbaarheid<\/strong><br data-start=\"885\" data-end=\"888\" \/>Je kunt klein beginnen (1 pagina) en later uitbreiden met:<\/p><ul data-start=\"947\" data-end=\"1037\"><li data-start=\"947\" data-end=\"969\"><p data-start=\"949\" data-end=\"969\">portfolio of cases<\/p><\/li><li data-start=\"947\" data-end=\"969\"><p data-start=\"949\" data-end=\"969\">webshop<\/p><\/li><li data-start=\"982\" data-end=\"1001\"><p data-start=\"984\" data-end=\"1001\">boekingssysteem<\/p><\/li><li data-start=\"1002\" data-end=\"1018\"><p data-start=\"1004\" data-end=\"1018\">klantportaal<\/p><\/li><li data-start=\"1019\" data-end=\"1037\"><p data-start=\"1021\" data-end=\"1037\">blog of nieuws<\/p><\/li><\/ul><p data-start=\"1039\" data-end=\"1153\"><strong data-start=\"1039\" data-end=\"1070\">7. Centrale plek voor alles<\/strong><br data-start=\"1070\" data-end=\"1073\" \/>Je kunt al je kanalen (social media, e-mail, WhatsApp) samenbrengen op \u00e9\u00e9n plek.<\/p><\/div><\/div><\/div>\t\t\t\t\t\t\t\t<\/div>\n\t\t\t\t\t<\/div>\n\t\t\t\t<\/div>\n\t\t<div class=\"elementor-element elementor-element-6b2822c e-flex e-con-boxed e-con e-parent\" data-id=\"6b2822c\" data-element_type=\"container\" data-e-type=\"container\">\n\t\t\t\t\t<div class=\"e-con-inner\">\n\t\t\t\t<div class=\"elementor-element elementor-element-8c0b98d elementor-widget elementor-widget-heading\" data-id=\"8c0b98d\" data-element_type=\"widget\" data-e-type=\"widget\" data-widget_type=\"heading.default\">\n\t\t\t\t\t<h2 class=\"elementor-heading-title elementor-size-default\">Waarom kiezen voor ons?<\/h2>\t\t\t\t<\/div>\n\t\t\t\t\t<\/div>\n\t\t\t\t<\/div>\n\t\t<div class=\"elementor-element elementor-element-86c6702 e-flex e-con-boxed e-con e-parent\" data-id=\"86c6702\" data-element_type=\"container\" data-e-type=\"container\">\n\t\t\t\t\t<div class=\"e-con-inner\">\n\t\t<div class=\"elementor-element elementor-element-7f5ab57 e-con-full e-flex e-con e-child\" data-id=\"7f5ab57\" data-element_type=\"container\" data-e-type=\"container\">\n\t\t<div class=\"elementor-element elementor-element-22713ac e-con-full e-flex e-con e-child\" data-id=\"22713ac\" data-element_type=\"container\" data-e-type=\"container\">\n\t\t\t\t<div class=\"elementor-element elementor-element-2332a67 elementor-widget elementor-widget-text-editor\" data-id=\"2332a67\" data-element_type=\"widget\" data-e-type=\"widget\" data-widget_type=\"text-editor.default\">\n\t\t\t\t\t\t\t\t\t<h2 class=\"elementor-heading-title elementor-size-default\">Websites die resultaat opleveren<\/h2>\t\t\t\t\t\t\t\t<\/div>\n\t\t\t\t<\/div>\n\t\t\t\t<\/div>\n\t\t<div class=\"elementor-element elementor-element-748fd6f e-con-full e-flex e-con e-child\" data-id=\"748fd6f\" data-element_type=\"container\" data-e-type=\"container\">\n\t\t<div class=\"elementor-element elementor-element-df4b452 e-con-full e-flex e-con e-child\" data-id=\"df4b452\" data-element_type=\"container\" data-e-type=\"container\">\n\t\t\t\t<div class=\"elementor-element elementor-element-a5c9cdc elementor-widget elementor-widget-heading\" data-id=\"a5c9cdc\" data-element_type=\"widget\" data-e-type=\"widget\" data-widget_type=\"heading.default\">\n\t\t\t\t\t<h2 class=\"elementor-heading-title elementor-size-default\">Alles onder \u00e9\u00e9n dak<\/h2>\t\t\t\t<\/div>\n\t\t\t\t<\/div>\n\t\t\t\t<\/div>\n\t\t<div class=\"elementor-element elementor-element-51359f3 e-con-full e-flex e-con e-child\" data-id=\"51359f3\" data-element_type=\"container\" data-e-type=\"container\">\n\t\t<div class=\"elementor-element elementor-element-982ef05 e-con-full e-flex e-con e-child\" data-id=\"982ef05\" data-element_type=\"container\" data-e-type=\"container\">\n\t\t\t\t<div class=\"elementor-element elementor-element-d9e33b0 elementor-widget elementor-widget-text-editor\" data-id=\"d9e33b0\" data-element_type=\"widget\" data-e-type=\"widget\" data-widget_type=\"text-editor.default\">\n\t\t\t\t\t\t\t\t\t<p>Wij bouwen niet zomaar websites, maar\u00a0<strong data-start=\"254\" data-end=\"307\">online tools die klanten aantrekken en overtuigen<\/strong>. Snel, overzichtelijk en gericht op conversie.<\/p>\t\t\t\t\t\t\t\t<\/div>\n\t\t\t\t<\/div>\n\t\t\t\t<\/div>\n\t\t<div class=\"elementor-element elementor-element-352d3eb e-con-full e-flex e-con e-child\" data-id=\"352d3eb\" data-element_type=\"container\" data-e-type=\"container\">\n\t\t<div class=\"elementor-element elementor-element-f9f3ba7 e-con-full e-flex e-con e-child\" data-id=\"f9f3ba7\" data-element_type=\"container\" data-e-type=\"container\">\n\t\t\t\t<div class=\"elementor-element elementor-element-76cab9c elementor-widget elementor-widget-text-editor\" data-id=\"76cab9c\" data-element_type=\"widget\" data-e-type=\"widget\" data-widget_type=\"text-editor.default\">\n\t\t\t\t\t\t\t\t\t<p>Van\u00a0<strong data-start=\"386\" data-end=\"412\">design en ontwikkeling<\/strong>\u00a0tot\u00a0<strong data-start=\"417\" data-end=\"450\">hosting, onderhoud en support<\/strong>. E\u00e9n partner, \u00e9\u00e9n aanspreekpunt, geen gedoe.<\/p>\t\t\t\t\t\t\t\t<\/div>\n\t\t\t\t<\/div>\n\t\t\t\t<\/div>\n\t\t\t\t\t<\/div>\n\t\t\t\t<\/div>\n\t\t<div class=\"elementor-element elementor-element-e5b1e10 e-flex e-con-boxed e-con e-parent\" data-id=\"e5b1e10\" data-element_type=\"container\" data-e-type=\"container\">\n\t\t\t\t\t<div class=\"e-con-inner\">\n\t\t<div class=\"elementor-element elementor-element-cbcfa51 e-con-full e-flex e-con e-child\" data-id=\"cbcfa51\" data-element_type=\"container\" data-e-type=\"container\">\n\t\t<div class=\"elementor-element elementor-element-705e689 e-con-full e-flex e-con e-child\" data-id=\"705e689\" data-element_type=\"container\" data-e-type=\"container\">\n\t\t\t\t<div class=\"elementor-element elementor-element-e775fd4 elementor-widget elementor-widget-heading\" data-id=\"e775fd4\" data-element_type=\"widget\" data-e-type=\"widget\" data-widget_type=\"heading.default\">\n\t\t\t\t\t<h2 class=\"elementor-heading-title elementor-size-default\">Op maat voor jouw bedrijf<\/h2>\t\t\t\t<\/div>\n\t\t\t\t<\/div>\n\t\t\t\t<\/div>\n\t\t<div class=\"elementor-element elementor-element-e7dc7a0 e-con-full e-flex e-con e-child\" data-id=\"e7dc7a0\" data-element_type=\"container\" data-e-type=\"container\">\n\t\t\t\t<div class=\"elementor-element elementor-element-9e6c595 elementor-widget elementor-widget-heading\" data-id=\"9e6c595\" data-element_type=\"widget\" data-e-type=\"widget\" data-widget_type=\"heading.default\">\n\t\t\t\t\t<h2 class=\"elementor-heading-title elementor-size-default\">Technisch sterk, praktisch ingesteld<\/h2>\t\t\t\t<\/div>\n\t\t\t\t<\/div>\n\t\t<div class=\"elementor-element elementor-element-02725bd e-con-full e-flex e-con e-child\" data-id=\"02725bd\" data-element_type=\"container\" data-e-type=\"container\">\n\t\t\t\t<div class=\"elementor-element elementor-element-b891b8b elementor-widget elementor-widget-text-editor\" data-id=\"b891b8b\" data-element_type=\"widget\" data-e-type=\"widget\" data-widget_type=\"text-editor.default\">\n\t\t\t\t\t\t\t\t\t<p>Geen standaard templates, maar een website die past bij\u00a0<strong data-start=\"585\" data-end=\"619\">jouw merk, doelgroep en doelen<\/strong>. Uniek en professioneel.<\/p>\t\t\t\t\t\t\t\t<\/div>\n\t\t\t\t<\/div>\n\t\t<div class=\"elementor-element elementor-element-3f82b44 e-con-full e-flex e-con e-child\" data-id=\"3f82b44\" data-element_type=\"container\" data-e-type=\"container\">\n\t\t\t\t<div class=\"elementor-element elementor-element-191cc34 elementor-widget elementor-widget-text-editor\" data-id=\"191cc34\" data-element_type=\"widget\" data-e-type=\"widget\" data-widget_type=\"text-editor.default\">\n\t\t\t\t\t\t\t\t\t<p>Wij combineren\u00a0<strong data-start=\"704\" data-end=\"728\">technische expertise<\/strong>\u00a0met\u00a0<strong data-start=\"733\" data-end=\"755\">ondernemersinzicht<\/strong>. Dat betekent slimme keuzes, betere vindbaarheid (SEO) en een logische structuur.<\/p>\t\t\t\t\t\t\t\t<\/div>\n\t\t\t\t<\/div>\n\t\t\t\t\t<\/div>\n\t\t\t\t<\/div>\n\t\t<div class=\"elementor-element elementor-element-ce7409b e-flex e-con-boxed e-con e-parent\" data-id=\"ce7409b\" data-element_type=\"container\" data-e-type=\"container\">\n\t\t\t\t\t<div class=\"e-con-inner\">\n\t\t<div class=\"elementor-element elementor-element-1c6d446 e-con-full e-flex e-con e-child\" data-id=\"1c6d446\" data-element_type=\"container\" data-e-type=\"container\">\n\t\t\t\t<div class=\"elementor-element elementor-element-39890e9 elementor-widget elementor-widget-heading\" data-id=\"39890e9\" data-element_type=\"widget\" data-e-type=\"widget\" data-widget_type=\"heading.default\">\n\t\t\t\t\t<h2 class=\"elementor-heading-title elementor-size-default\">Transparant &amp; eerlijk<\/h2>\t\t\t\t<\/div>\n\t\t\t\t<\/div>\n\t\t<div class=\"elementor-element elementor-element-c737bee e-con-full e-flex e-con e-child\" data-id=\"c737bee\" data-element_type=\"container\" data-e-type=\"container\">\n\t\t\t\t<div class=\"elementor-element elementor-element-9f5730a elementor-widget elementor-widget-heading\" data-id=\"9f5730a\" data-element_type=\"widget\" data-e-type=\"widget\" data-widget_type=\"heading.default\">\n\t\t\t\t\t<h2 class=\"elementor-heading-title elementor-size-default\">Ook na oplevering betrokken\n<\/h2>\t\t\t\t<\/div>\n\t\t\t\t<\/div>\n\t\t<div class=\"elementor-element elementor-element-298f42f e-con-full e-flex e-con e-child\" data-id=\"298f42f\" data-element_type=\"container\" data-e-type=\"container\">\n\t\t\t\t<div class=\"elementor-element elementor-element-3fa86b7 elementor-widget elementor-widget-text-editor\" data-id=\"3fa86b7\" data-element_type=\"widget\" data-e-type=\"widget\" data-widget_type=\"text-editor.default\">\n\t\t\t\t\t\t\t\t\t<p>Duidelijke afspraken, heldere prijzen en geen verborgen kosten. Je weet precies waar je aan toe bent..<\/p>\t\t\t\t\t\t\t\t<\/div>\n\t\t\t\t<\/div>\n\t\t<div class=\"elementor-element elementor-element-94bf696 e-con-full e-flex e-con e-child\" data-id=\"94bf696\" data-element_type=\"container\" data-e-type=\"container\">\n\t\t\t\t<div class=\"elementor-element elementor-element-3f92199 elementor-widget elementor-widget-text-editor\" data-id=\"3f92199\" data-element_type=\"widget\" data-e-type=\"widget\" data-widget_type=\"text-editor.default\">\n\t\t\t\t\t\t\t\t\t<div class=\"elementor-element elementor-element-fb54c3a elementor-widget elementor-widget-text-editor\" data-id=\"fb54c3a\" data-element_type=\"widget\" data-widget_type=\"text-editor.default\"><p>Wij laten je niet los na livegang. Je kunt rekenen op\u00a0<strong data-start=\"1058\" data-end=\"1110\">onderhoud, updates, beveiliging en ondersteuning<\/strong>\u00a0wanneer jij dat nodig hebt.<\/p><\/div><div class=\"elementor-element elementor-element-359e95d elementor-widget elementor-widget-heading\" data-id=\"359e95d\" data-element_type=\"widget\" data-widget_type=\"heading.default\">\u00a0<\/div>\t\t\t\t\t\t\t\t<\/div>\n\t\t\t\t<\/div>\n\t\t\t\t\t<\/div>\n\t\t\t\t<\/div>\n\t\t<div class=\"elementor-element elementor-element-d285f19 e-flex e-con-boxed e-con e-parent\" data-id=\"d285f19\" data-element_type=\"container\" data-e-type=\"container\">\n\t\t\t\t\t<div class=\"e-con-inner\">\n\t\t<div class=\"elementor-element elementor-element-617ff8a e-con-full e-flex e-con e-child\" data-id=\"617ff8a\" data-element_type=\"container\" data-e-type=\"container\">\n\t\t\t\t<div class=\"elementor-element elementor-element-4b270ac elementor-widget elementor-widget-heading\" data-id=\"4b270ac\" data-element_type=\"widget\" data-e-type=\"widget\" data-widget_type=\"heading.default\">\n\t\t\t\t\t<h2 class=\"elementor-heading-title elementor-size-default\">Persoonlijke aanpak<\/h2>\t\t\t\t<\/div>\n\t\t\t\t<\/div>\n\t\t<div class=\"elementor-element elementor-element-7c960c3 e-con-full e-flex e-con e-child\" data-id=\"7c960c3\" data-element_type=\"container\" data-e-type=\"container\">\n\t\t\t\t<div class=\"elementor-element elementor-element-ef25aa6 elementor-widget elementor-widget-heading\" data-id=\"ef25aa6\" data-element_type=\"widget\" data-e-type=\"widget\" data-widget_type=\"heading.default\">\n\t\t\t\t\t<h2 class=\"elementor-heading-title elementor-size-default\">Klaar voor groei\n<\/h2>\t\t\t\t<\/div>\n\t\t\t\t<\/div>\n\t\t<div class=\"elementor-element elementor-element-c20f74d e-con-full e-flex e-con e-child\" data-id=\"c20f74d\" data-element_type=\"container\" data-e-type=\"container\">\n\t\t\t\t<div class=\"elementor-element elementor-element-8f32dd6 elementor-widget elementor-widget-text-editor\" data-id=\"8f32dd6\" data-element_type=\"widget\" data-e-type=\"widget\" data-widget_type=\"text-editor.default\">\n\t\t\t\t\t\t\t\t\t<p>Geen anonieme helpdesk, maar direct contact. We denken mee en leveren oplossingen die \u00e9cht bij je passen.<\/p>\t\t\t\t\t\t\t\t<\/div>\n\t\t\t\t<\/div>\n\t\t<div class=\"elementor-element elementor-element-b07a082 e-con-full e-flex e-con e-child\" data-id=\"b07a082\" data-element_type=\"container\" data-e-type=\"container\">\n\t\t\t\t<div class=\"elementor-element elementor-element-50bb23c elementor-widget elementor-widget-text-editor\" data-id=\"50bb23c\" data-element_type=\"widget\" data-e-type=\"widget\" data-widget_type=\"text-editor.default\">\n\t\t\t\t\t\t\t\t\t<p>Start eenvoudig en breid later uit met extra functies zoals een webshop, boekingssysteem of maatwerkoplossingen.<\/p>\t\t\t\t\t\t\t\t<\/div>\n\t\t\t\t<\/div>\n\t\t\t\t\t<\/div>\n\t\t\t\t<\/div>\n\t\t<div class=\"elementor-element elementor-element-98dd588 e-flex e-con-boxed e-con e-parent\" data-id=\"98dd588\" data-element_type=\"container\" data-e-type=\"container\">\n\t\t\t\t\t<div class=\"e-con-inner\">\n\t\t\t\t\t<\/div>\n\t\t\t\t<\/div>\n\t\t\t\t<\/div>\n\t\t","protected":false},"excerpt":{"rendered":"<p>Waarom een website? Een website is eigenlijk je\u00a0digitale thuisbasis. De belangrijkste redenen om er \u00e9\u00e9n te hebben zijn: 1. Vindbaarheid &amp; zichtbaarheidMensen zoeken alles online. Zonder website besta je voor veel potenti\u00eble klanten simpelweg niet. 2. Vertrouwen &amp; professionaliteitEen website wekt vertrouwen. Zelfs als klanten je via social media vinden, checken ze vaak eerst je [&hellip;]<\/p>\n","protected":false},"author":1,"featured_media":0,"parent":0,"menu_order":0,"comment_status":"closed","ping_status":"closed","template":"","meta":{"ocean_post_layout":"","ocean_both_sidebars_style":"","ocean_both_sidebars_content_width":0,"ocean_both_sidebars_sidebars_width":0,"ocean_sidebar":"","ocean_second_sidebar":"","ocean_disable_margins":"enable","ocean_add_body_class":"","ocean_shortcode_before_top_bar":"","ocean_shortcode_after_top_bar":"","ocean_shortcode_before_header":"","ocean_shortcode_after_header":"","ocean_has_shortcode":"","ocean_shortcode_after_title":"","ocean_shortcode_before_footer_widgets":"","ocean_shortcode_after_footer_widgets":"","ocean_shortcode_before_footer_bottom":"","ocean_shortcode_after_footer_bottom":"","ocean_display_top_bar":"default","ocean_display_header":"default","ocean_header_style":"","ocean_center_header_left_menu":"","ocean_custom_header_template":"","ocean_custom_logo":0,"ocean_custom_retina_logo":0,"ocean_custom_logo_max_width":0,"ocean_custom_logo_tablet_max_width":0,"ocean_custom_logo_mobile_max_width":0,"ocean_custom_logo_max_height":0,"ocean_custom_logo_tablet_max_height":0,"ocean_custom_logo_mobile_max_height":0,"ocean_header_custom_menu":"","ocean_menu_typo_font_family":"","ocean_menu_typo_font_subset":"","ocean_menu_typo_font_size":0,"ocean_menu_typo_font_size_tablet":0,"ocean_menu_typo_font_size_mobile":0,"ocean_menu_typo_font_size_unit":"px","ocean_menu_typo_font_weight":"","ocean_menu_typo_font_weight_tablet":"","ocean_menu_typo_font_weight_mobile":"","ocean_menu_typo_transform":"","ocean_menu_typo_transform_tablet":"","ocean_menu_typo_transform_mobile":"","ocean_menu_typo_line_height":0,"ocean_menu_typo_line_height_tablet":0,"ocean_menu_typo_line_height_mobile":0,"ocean_menu_typo_line_height_unit":"","ocean_menu_typo_spacing":0,"ocean_menu_typo_spacing_tablet":0,"ocean_menu_typo_spacing_mobile":0,"ocean_menu_typo_spacing_unit":"","ocean_menu_link_color":"","ocean_menu_link_color_hover":"","ocean_menu_link_color_active":"","ocean_menu_link_background":"","ocean_menu_link_hover_background":"","ocean_menu_link_active_background":"","ocean_menu_social_links_bg":"","ocean_menu_social_hover_links_bg":"","ocean_menu_social_links_color":"","ocean_menu_social_hover_links_color":"","ocean_disable_title":"default","ocean_disable_heading":"default","ocean_post_title":"","ocean_post_subheading":"","ocean_post_title_style":"","ocean_post_title_background_color":"","ocean_post_title_background":0,"ocean_post_title_bg_image_position":"","ocean_post_title_bg_image_attachment":"","ocean_post_title_bg_image_repeat":"","ocean_post_title_bg_image_size":"","ocean_post_title_height":0,"ocean_post_title_bg_overlay":0.5,"ocean_post_title_bg_overlay_color":"","ocean_disable_breadcrumbs":"default","ocean_breadcrumbs_color":"","ocean_breadcrumbs_separator_color":"","ocean_breadcrumbs_links_color":"","ocean_breadcrumbs_links_hover_color":"","ocean_display_footer_widgets":"default","ocean_display_footer_bottom":"default","ocean_custom_footer_template":"","osh_disable_topbar_sticky":"default","osh_disable_header_sticky":"default","osh_sticky_header_style":"default","osh_sticky_header_effect":"","osh_custom_sticky_logo":0,"osh_custom_retina_sticky_logo":0,"osh_custom_sticky_logo_height":0,"osh_background_color":"","osh_links_color":"","osh_links_hover_color":"","osh_links_active_color":"","osh_links_bg_color":"","osh_links_hover_bg_color":"","osh_links_active_bg_color":"","osh_menu_social_links_color":"","osh_menu_social_hover_links_color":"","footnotes":""},"class_list":["post-659","page","type-page","status-publish","hentry","entry"],"_links":{"self":[{"href":"https:\/\/dvgdigitallab.be\/index.php\/wp-json\/wp\/v2\/pages\/659","targetHints":{"allow":["GET"]}}],"collection":[{"href":"https:\/\/dvgdigitallab.be\/index.php\/wp-json\/wp\/v2\/pages"}],"about":[{"href":"https:\/\/dvgdigitallab.be\/index.php\/wp-json\/wp\/v2\/types\/page"}],"author":[{"embeddable":true,"href":"https:\/\/dvgdigitallab.be\/index.php\/wp-json\/wp\/v2\/users\/1"}],"replies":[{"embeddable":true,"href":"https:\/\/dvgdigitallab.be\/index.php\/wp-json\/wp\/v2\/comments?post=659"}],"version-history":[{"count":10,"href":"https:\/\/dvgdigitallab.be\/index.php\/wp-json\/wp\/v2\/pages\/659\/revisions"}],"predecessor-version":[{"id":802,"href":"https:\/\/dvgdigitallab.be\/index.php\/wp-json\/wp\/v2\/pages\/659\/revisions\/802"}],"wp:attachment":[{"href":"https:\/\/dvgdigitallab.be\/index.php\/wp-json\/wp\/v2\/media?parent=659"}],"curies":[{"name":"wp","href":"https:\/\/api.w.org\/{rel}","templated":true}]}}